{"id":86,"date":"2026-01-23T16:01:14","date_gmt":"2026-01-23T15:01:14","guid":{"rendered":"https:\/\/teamshop89-grabert.de\/tennisshop\/?post_type=product&#038;p=86"},"modified":"2026-04-03T12:40:11","modified_gmt":"2026-04-03T10:40:11","slug":"dunlop-d-tb-atp-championship-4pet","status":"publish","type":"product","link":"https:\/\/teamshop89-grabert.de\/tennisshop\/produkt\/dunlop-d-tb-atp-championship-4pet\/","title":{"rendered":"DUNLOP &#8211; D TB ATP CHAMPIONSHIP 4 PET"},"content":{"rendered":"<p>Dieser Super-Premium Tennisball von DUNLOP zeichnet sich durch ein erstklassiges Spielverhalten auf allen Bodenbel\u00e4gen aus, welches auf den fortschrittlichsten Technologien basiert. Dieser Ball ist besonders langlebig und zeichnet sich durch ein tolles Spielgef\u00fchl aus. Durch die \u201eHD Pro Core\u201c Technologie in Kombination mit dem \u201eHD Pro Cloth\u201c wird eine ultimative Performance und Langlebigkeit erreicht, um Ballwechsel auf h\u00f6chstem Niveau zu erm\u00f6glichen. Dies ist auch der offizielle Spielball der Nitto ATP Finals und NextGen Finals. Dar\u00fcber hinaus ist der ATP Ball auch bei den Masters Turnieren in Monte-Carlo, Madrid, Rom, Shanghai, sowie zahlreichen weiteren Turnieren der ATP World Tour der offizielle Spielball.<\/p>\n<ul>\n<li>4 B\u00e4lle pro Dose<\/li>\n<li>18 Dosen pro Karton<\/li>\n<li><strong>Preis pro Karton<\/strong><\/li>\n<\/ul>\n","protected":false},"excerpt":{"rendered":"<p>Dieser Super-Premium Tennisball von DUNLOP zeichnet sich durch ein erstklassiges Spielverhalten auf allen Bodenbel\u00e4gen aus, welches auf den fortschrittlichsten Technologien basiert. Dieser Ball ist besonders langlebig und zeichnet sich durch ein tolles Spielgef\u00fchl aus. Durch die \u201eHD Pro Core\u201c Technologie in Kombination mit dem \u201eHD Pro Cloth\u201c wird eine ultimative Performance und Langlebigkeit erreicht, um [&hellip;]<\/p>\n","protected":false},"featured_media":110,"comment_status":"open","ping_status":"closed","template":"","meta":[],"product_brand":[],"product_cat":[31],"product_tag":[33],"class_list":{"0":"post-86","1":"product","2":"type-product","3":"status-publish","4":"has-post-thumbnail","6":"product_cat-tennisbaelle","7":"product_tag-anfrage","9":"first","10":"instock","11":"taxable","12":"shipping-taxable","13":"purchasable","14":"product-type-simple"},"_links":{"self":[{"href":"https:\/\/teamshop89-grabert.de\/tennisshop\/wp-json\/wp\/v2\/product\/86","targetHints":{"allow":["GET"]}}],"collection":[{"href":"https:\/\/teamshop89-grabert.de\/tennisshop\/wp-json\/wp\/v2\/product"}],"about":[{"href":"https:\/\/teamshop89-grabert.de\/tennisshop\/wp-json\/wp\/v2\/types\/product"}],"replies":[{"embeddable":true,"href":"https:\/\/teamshop89-grabert.de\/tennisshop\/wp-json\/wp\/v2\/comments?post=86"}],"wp:featuredmedia":[{"embeddable":true,"href":"https:\/\/teamshop89-grabert.de\/tennisshop\/wp-json\/wp\/v2\/media\/110"}],"wp:attachment":[{"href":"https:\/\/teamshop89-grabert.de\/tennisshop\/wp-json\/wp\/v2\/media?parent=86"}],"wp:term":[{"taxonomy":"product_brand","embeddable":true,"href":"https:\/\/teamshop89-grabert.de\/tennisshop\/wp-json\/wp\/v2\/product_brand?post=86"},{"taxonomy":"product_cat","embeddable":true,"href":"https:\/\/teamshop89-grabert.de\/tennisshop\/wp-json\/wp\/v2\/product_cat?post=86"},{"taxonomy":"product_tag","embeddable":true,"href":"https:\/\/teamshop89-grabert.de\/tennisshop\/wp-json\/wp\/v2\/product_tag?post=86"}],"curies":[{"name":"wp","href":"https:\/\/api.w.org\/{rel}","templated":true}]}}